{"id":68,"date":"2025-06-30T15:30:43","date_gmt":"2025-06-30T13:30:43","guid":{"rendered":"http:\/\/maslowiecka.pl\/?page_id=68"},"modified":"2025-07-21T14:17:25","modified_gmt":"2025-07-21T12:17:25","slug":"psychoterapia","status":"publish","type":"page","link":"https:\/\/maslowiecka.pl\/?page_id=68","title":{"rendered":"Psychoterapia"},"content":{"rendered":"\n<p><br>Dla os\u00f3b cierpi\u0105cych z powodu problem\u00f3w w sferze emocjonalnej, prze\u017cywaj\u0105cych trudno\u015bci w relacjach z innymi, b\u0119d\u0105cych w kryzysie. Je\u015bli do\u015bwiadczasz stan\u00f3w l\u0119kowych, dolegliwo\u015bci somatycznych, masz obni\u017cony nastr\u00f3j, niskie poczucie w\u0142asnej warto\u015bci, zauwa\u017casz u siebie wzrastaj\u0105c\u0105 dra\u017cliwo\u015b\u0107 i wybuchowo\u015b\u0107, do\u015bwiadczasz silnego stresu lub masz do\u015bwiadczenie traumy \u2013 psychoterapia jest w\u0142a\u015bciw\u0105 metod\u0105, by doj\u015b\u0107 do siebie. <br>Psychoterapia polega na systematycznych rozmowach raz w tygodniu (ok. 50 min), w czasie kt\u00f3rych pacjent opowiada o swoich emocjach, prze\u017cyciach, trudno\u015bciach, relacjach. W trakcie pierwszych spotka\u0144 ustalane s\u0105 cele terapii (do ewentualnej zmiany, je\u015bli zajdzie taka potrzeba) i og\u00f3lne wytyczne (takie jak regularno\u015b\u0107 sesji, poufno\u015b\u0107 itp.). W trakcie kolejnych stopniowo buduje si\u0119 przymierze terapeutyczne oraz relacja sprzyjaj\u0105ca otwarto\u015bci i nadziei. Psychoterapia nie polega na udzielaniu rad albo sugerowaniu rozwi\u0105za\u0144, przeciwnie, ma pomaga\u0107 pacjentowi w znajdowaniu w\u0142asnych dr\u00f3g i wspiera\u0107 jego samodzielno\u015b\u0107. <br>Charakterystyczn\u0105 cech\u0105 prowadzonej przeze mnie psychoterapii jest interakcyjno\u015b\u0107, polegaj\u0105ca na uwa\u017cno\u015bci i zintensyfikowanym dzieleniu si\u0119 informacj\u0105 zwrotn\u0105. &nbsp;Dzi\u0119ki temu pacjent w czasie jednej sesji jest wielokrotnie konfrontowany z tym, jak tre\u015bci, kt\u00f3re wnosi na spotkaniu, oddzia\u0142ywuj\u0105, co znacz\u0105, jak wp\u0142ywaj\u0105 na mnie (jako odbiorc\u0119 komunikat\u00f3w), ale i na niego samego (jak siebie traktuje, co sam do siebie i o sobie m\u00f3wi). Drug\u0105 wa\u017cn\u0105 cech\u0105 sposobu, w jaki pracuj\u0119, jest omawianie kontekstu egzystencjalnego pacjenta, a w szczeg\u00f3lno\u015bci jego osobistej odpowiedzialno\u015bci za w\u0142asnej \u017cycie. Interakcyjno\u015b\u0107, nieustanny feedback oraz przyjmowanie perspektywy w\u0142asnego sprzymierze\u0144ca znacz\u0105co skracaj\u0105 niezb\u0119dny proces terapeutyczny.<\/p>\n\n\n\n<p class=\"has-text-align-center\"><strong>Um\u00f3w konsultacj\u0119          SMS\u00a0533 156 333<\/strong><\/p>\n\n\n\n<p><\/p>\n\n\n\n<p><\/p>\n","protected":false},"excerpt":{"rendered":"<p>Dla os\u00f3b cierpi\u0105cych z powodu problem\u00f3w w sferze emocjonalnej, prze\u017cywaj\u0105cych trudno\u015bci w relacjach z innymi, b\u0119d\u0105cych w kryzysie. Je\u015bli do\u015bwiadczasz stan\u00f3w l\u0119kowych, dolegliwo\u015bci somatycznych, masz obni\u017cony nastr\u00f3j, niskie poczucie w\u0142asnej warto\u015bci, zauwa\u017casz u siebie wzrastaj\u0105c\u0105 dra\u017cliwo\u015b\u0107 i wybuchowo\u015b\u0107, do\u015bwiadczasz silnego stresu lub masz do\u015bwiadczenie traumy \u2013 psychoterapia jest w\u0142a\u015bciw\u0105 metod\u0105, &hellip;<\/p>\n","protected":false},"author":1,"featured_media":0,"parent":0,"menu_order":0,"comment_status":"closed","ping_status":"closed","template":"","meta":{"footnotes":""},"class_list":["post-68","page","type-page","status-publish","hentry"],"yoast_head":"<!-- This site is optimized with the Yoast SEO plugin v25.5 - https:\/\/yoast.com\/wordpress\/plugins\/seo\/ -->\n<title>Psychoterapia - psychoterapia online<\/title>\n<meta name=\"robots\" content=\"index, follow, max-snippet:-1, max-image-preview:large, max-video-preview:-1\" \/>\n<link rel=\"canonical\" href=\"http:\/\/maslowiecka.pl\/?page_id=68\" \/>\n<meta property=\"og:locale\" content=\"en_US\" \/>\n<meta property=\"og:type\" content=\"article\" \/>\n<meta property=\"og:title\" content=\"Psychoterapia - psychoterapia online\" \/>\n<meta property=\"og:description\" content=\"Dla os\u00f3b cierpi\u0105cych z powodu problem\u00f3w w sferze emocjonalnej, prze\u017cywaj\u0105cych trudno\u015bci w relacjach z innymi, b\u0119d\u0105cych w kryzysie. Je\u015bli do\u015bwiadczasz stan\u00f3w l\u0119kowych, dolegliwo\u015bci somatycznych, masz obni\u017cony nastr\u00f3j, niskie poczucie w\u0142asnej warto\u015bci, zauwa\u017casz u siebie wzrastaj\u0105c\u0105 dra\u017cliwo\u015b\u0107 i wybuchowo\u015b\u0107, do\u015bwiadczasz silnego stresu lub masz do\u015bwiadczenie traumy \u2013 psychoterapia jest w\u0142a\u015bciw\u0105 metod\u0105, &hellip;\" \/>\n<meta property=\"og:url\" content=\"http:\/\/maslowiecka.pl\/?page_id=68\" \/>\n<meta property=\"og:site_name\" content=\"psychoterapia online\" \/>\n<meta property=\"article:modified_time\" content=\"2025-07-21T12:17:25+00:00\" \/>\n<meta name=\"twitter:card\" content=\"summary_large_image\" \/>\n<meta name=\"twitter:label1\" content=\"Est. reading time\" \/>\n\t<meta name=\"twitter:data1\" content=\"2 minutes\" \/>\n<script type=\"application\/ld+json\" class=\"yoast-schema-graph\">{\"@context\":\"https:\/\/schema.org\",\"@graph\":[{\"@type\":[\"WebPage\",\"CollectionPage\"],\"@id\":\"http:\/\/maslowiecka.pl\/?page_id=68\",\"url\":\"http:\/\/maslowiecka.pl\/?page_id=68\",\"name\":\"Psychoterapia - psychoterapia online\",\"isPartOf\":{\"@id\":\"https:\/\/maslowiecka.pl\/#website\"},\"datePublished\":\"2025-06-30T13:30:43+00:00\",\"dateModified\":\"2025-07-21T12:17:25+00:00\",\"breadcrumb\":{\"@id\":\"http:\/\/maslowiecka.pl\/?page_id=68#breadcrumb\"},\"inLanguage\":\"en-US\"},{\"@type\":\"BreadcrumbList\",\"@id\":\"http:\/\/maslowiecka.pl\/?page_id=68#breadcrumb\",\"itemListElement\":[{\"@type\":\"ListItem\",\"position\":1,\"name\":\"Strona g\u0142\u00f3wna\",\"item\":\"https:\/\/maslowiecka.pl\/\"},{\"@type\":\"ListItem\",\"position\":2,\"name\":\"Psychoterapia\"}]},{\"@type\":\"WebSite\",\"@id\":\"https:\/\/maslowiecka.pl\/#website\",\"url\":\"https:\/\/maslowiecka.pl\/\",\"name\":\"Psychoterapia online\",\"description\":\"dr agnieszka mas\u0142owiecka\",\"potentialAction\":[{\"@type\":\"SearchAction\",\"target\":{\"@type\":\"EntryPoint\",\"urlTemplate\":\"https:\/\/maslowiecka.pl\/?s={search_term_string}\"},\"query-input\":{\"@type\":\"PropertyValueSpecification\",\"valueRequired\":true,\"valueName\":\"search_term_string\"}}],\"inLanguage\":\"en-US\"}]}<\/script>\n<!-- \/ Yoast SEO plugin. -->","yoast_head_json":{"title":"Psychoterapia - psychoterapia online","robots":{"index":"index","follow":"follow","max-snippet":"max-snippet:-1","max-image-preview":"max-image-preview:large","max-video-preview":"max-video-preview:-1"},"canonical":"http:\/\/maslowiecka.pl\/?page_id=68","og_locale":"en_US","og_type":"article","og_title":"Psychoterapia - psychoterapia online","og_description":"Dla os\u00f3b cierpi\u0105cych z powodu problem\u00f3w w sferze emocjonalnej, prze\u017cywaj\u0105cych trudno\u015bci w relacjach z innymi, b\u0119d\u0105cych w kryzysie. Je\u015bli do\u015bwiadczasz stan\u00f3w l\u0119kowych, dolegliwo\u015bci somatycznych, masz obni\u017cony nastr\u00f3j, niskie poczucie w\u0142asnej warto\u015bci, zauwa\u017casz u siebie wzrastaj\u0105c\u0105 dra\u017cliwo\u015b\u0107 i wybuchowo\u015b\u0107, do\u015bwiadczasz silnego stresu lub masz do\u015bwiadczenie traumy \u2013 psychoterapia jest w\u0142a\u015bciw\u0105 metod\u0105, &hellip;","og_url":"http:\/\/maslowiecka.pl\/?page_id=68","og_site_name":"psychoterapia online","article_modified_time":"2025-07-21T12:17:25+00:00","twitter_card":"summary_large_image","twitter_misc":{"Est. reading time":"2 minutes"},"schema":{"@context":"https:\/\/schema.org","@graph":[{"@type":["WebPage","CollectionPage"],"@id":"http:\/\/maslowiecka.pl\/?page_id=68","url":"http:\/\/maslowiecka.pl\/?page_id=68","name":"Psychoterapia - psychoterapia online","isPartOf":{"@id":"https:\/\/maslowiecka.pl\/#website"},"datePublished":"2025-06-30T13:30:43+00:00","dateModified":"2025-07-21T12:17:25+00:00","breadcrumb":{"@id":"http:\/\/maslowiecka.pl\/?page_id=68#breadcrumb"},"inLanguage":"en-US"},{"@type":"BreadcrumbList","@id":"http:\/\/maslowiecka.pl\/?page_id=68#breadcrumb","itemListElement":[{"@type":"ListItem","position":1,"name":"Strona g\u0142\u00f3wna","item":"https:\/\/maslowiecka.pl\/"},{"@type":"ListItem","position":2,"name":"Psychoterapia"}]},{"@type":"WebSite","@id":"https:\/\/maslowiecka.pl\/#website","url":"https:\/\/maslowiecka.pl\/","name":"Psychoterapia online","description":"dr agnieszka mas\u0142owiecka","potentialAction":[{"@type":"SearchAction","target":{"@type":"EntryPoint","urlTemplate":"https:\/\/maslowiecka.pl\/?s={search_term_string}"},"query-input":{"@type":"PropertyValueSpecification","valueRequired":true,"valueName":"search_term_string"}}],"inLanguage":"en-US"}]}},"_links":{"self":[{"href":"https:\/\/maslowiecka.pl\/index.php?rest_route=\/wp\/v2\/pages\/68","targetHints":{"allow":["GET"]}}],"collection":[{"href":"https:\/\/maslowiecka.pl\/index.php?rest_route=\/wp\/v2\/pages"}],"about":[{"href":"https:\/\/maslowiecka.pl\/index.php?rest_route=\/wp\/v2\/types\/page"}],"author":[{"embeddable":true,"href":"https:\/\/maslowiecka.pl\/index.php?rest_route=\/wp\/v2\/users\/1"}],"replies":[{"embeddable":true,"href":"https:\/\/maslowiecka.pl\/index.php?rest_route=%2Fwp%2Fv2%2Fcomments&post=68"}],"version-history":[{"count":2,"href":"https:\/\/maslowiecka.pl\/index.php?rest_route=\/wp\/v2\/pages\/68\/revisions"}],"predecessor-version":[{"id":81,"href":"https:\/\/maslowiecka.pl\/index.php?rest_route=\/wp\/v2\/pages\/68\/revisions\/81"}],"wp:attachment":[{"href":"https:\/\/maslowiecka.pl\/index.php?rest_route=%2Fwp%2Fv2%2Fmedia&parent=68"}],"curies":[{"name":"wp","href":"https:\/\/api.w.org\/{rel}","templated":true}]}}